{"id":285,"date":"2023-10-28T05:31:25","date_gmt":"2023-10-28T03:31:25","guid":{"rendered":"https:\/\/rizikko.com\/?page_id=285"},"modified":"2023-10-30T05:55:26","modified_gmt":"2023-10-30T03:55:26","slug":"terms-of-use","status":"publish","type":"page","link":"https:\/\/www.rizikko.com\/sr\/terms-of-use\/","title":{"rendered":"Pravila kori\u0161\u0107enja"},"content":{"rendered":"<div data-elementor-type=\"page\" data-elementor-id=\"285\" class=\"elementor elementor-285\">\n\t\t\t\t\t\t<section class=\"elementor-section elementor-top-section elementor-element elementor-element-7358d515 elementor-section-height-min-height elementor-section-boxed elementor-section-height-default elementor-section-items-middle\" data-id=\"7358d515\" data-element_type=\"section\" data-settings=\"{&quot;background_background&quot;:&quot;classic&quot;}\">\n\t\t\t\t\t\t\t<div class=\"elementor-background-overlay\"><\/div>\n\t\t\t\t\t\t\t<div class=\"elementor-container elementor-column-gap-default\">\n\t\t\t\t\t<div class=\"elementor-column elementor-col-100 elementor-top-column elementor-element elementor-element-246e32a8\" data-id=\"246e32a8\" data-element_type=\"column\">\n\t\t\t<div class=\"elementor-widget-wrap elementor-element-populated\">\n\t\t\t\t\t\t<div class=\"elementor-element elementor-element-126886d8 animated-slow elementor-invisible elementor-widget elementor-widget-heading\" data-id=\"126886d8\" data-element_type=\"widget\" data-settings=\"{&quot;_animation&quot;:&quot;fadeInUp&quot;}\" data-widget_type=\"heading.default\">\n\t\t\t\t<div class=\"elementor-widget-container\">\n\t\t\t\t\t<h2 class=\"elementor-heading-title elementor-size-default\">PRAVILA KORI\u0160\u0106ENJA<\/h2>\t\t\t\t<\/div>\n\t\t\t\t<\/div>\n\t\t\t\t\t<\/div>\n\t\t<\/div>\n\t\t\t\t\t<\/div>\n\t\t<\/section>\n\t\t<div class=\"elementor-element elementor-element-68e3160 e-flex e-con-boxed e-con e-parent\" data-id=\"68e3160\" data-element_type=\"container\" data-settings=\"{&quot;background_background&quot;:&quot;classic&quot;}\">\n\t\t\t\t\t<div class=\"e-con-inner\">\n\t\t<div class=\"elementor-element elementor-element-d65f53b e-con-full e-flex e-con e-child\" data-id=\"d65f53b\" data-element_type=\"container\">\n\t\t\t\t<div class=\"elementor-element elementor-element-f3cea60 elementor-widget elementor-widget-text-editor\" data-id=\"f3cea60\" data-element_type=\"widget\" data-widget_type=\"text-editor.default\">\n\t\t\t\t<div class=\"elementor-widget-container\">\n\t\t\t\t\t\t\t\t\t<h1 style=\"color: white;\">Pravila kori\u0161\u0107enja<\/h1>\nOvi uslovi kori\u0161c\u0301enja (\u201eUslovi\u201c) reguli\u0161u va\u0161 pristup i kori\u0161c\u0301enje veb lokacije https:\/\/rizikko.com (\u201eveb sajt\u201c) i proizvoda i usluga (\u201eUsluge\u201c) koje nudi Rizikko.com (\u201e Kompanija\u201c, \u201emi\u201c, \u201enas\u201c ili \u201ena\u0161\u201c). Kori\u0161c\u0301enjem na\u0161e veb stranice ili usluga, sla\u017eete se da c\u0301ete biti obavezani ovim Uslovima i na\u0161om Politikom privatnosti. Ako se ne sla\u017eete sa ovim Uslovima, ne smete da koristite na\u0161u veb stranicu ili usluge.\n<h2 style=\"color: white;\">Podobnost<\/h2>\nMorate imati najmanje 18 godina da biste koristili na\u0161u veb stranicu ili usluge. Kori\u0161c\u0107enjem na\u0161e veb stranice ili usluga, izjavljujete i garantujete da imate 18 godina ili vi\u0161e i da imate pravnu sposobnost da sklopite ovaj ugovor.\n<h2 style=\"color: white;\">Registracija naloga<\/h2>\nDa biste pristupili nekim funkcijama na\u0161e veb stranice ili usluga, mo\u017eda c\u0301ete morati da registrujete nalog kod nas. Vi ste odgovorni za pru\u017eanje ta\u010dnih i potpunih informacija prilikom kreiranja naloga i za odr\u017eavanje bezbednosti naloga. Tako\u0111e ste odgovorni za sve aktivnosti koje se de\u0161avaju u okviru va\u0161eg naloga i da nas odmah obavestite ako sumnjate na bilo kakav neovla\u0161c\u0301eni pristup ili kori\u0161\u0107enje va\u0161eg naloga. Zadr\u017eavamo pravo da suspendujemo ili ukinemo va\u0161 nalog u bilo kom trenutku iz bilo kog razloga, sa ili bez obave\u0161tenja.\n<h2 style=\"color: white;\">Licenca i ograni\u010denja<\/h2>\nDajemo vam ograni\u010denu, ne-ekskluzivnu, neprenosivu, opozivu licencu za pristup i kori\u0161c\u0301enje na\u0161eg veb-sajta i usluga u va\u0161e li\u010dne i nekomercijalne svrhe, u skladu sa ovim Uslovima i u skladu sa svim primenjivim zakonima i propisima. ne smete:\n<ul>\n \t<li>Kopirate, modifikujete, distribuirate, prodajete, dajete u zakup, iznajmite, dajete podlicencu ili kreirate izvedena dela na\u0161e web stranice ili usluga ili bilo kog njihovog dela<\/li>\n \t<li>Obrnuti in\u017eenjering, dekompilirati, rastaviti ili na drugi na\u010din poku\u0161ati otkriti izvorni kod ili algoritme na\u0161e web stranice ili usluga ili bilo kojeg njihovog dela<\/li>\n \t<li>Koristite na\u0161u veb stranicu ili usluge u bilo koje nezakonite, la\u017ene, \u0161tetne, uvredljive, uznemiravajuc\u0301e, klevetni\u010dke, opscene, mr\u017enje, diskriminatorske ili na drugi na\u010din nepo\u017eeljne svrhe<\/li>\n \t<li>Koristite na\u0161u veb lokaciju ili usluge da biste preneli bilo koje ne\u017eeljeno ili neovla\u0161c\u0301eno ogla\u0161avanje, promotivni materijal, ne\u017eeljenu po\u0161tu, ili druge oblike tra\u017eenja<\/li>\n \t<li>Koristite na\u0161u veb lokaciju ili usluge za preno\u0161enje virusa, crva, trojanaca ili drugog zlonamernog koda koji mo\u017ee o\u0161tetiti ili ometati rad na\u0161e veb stranice ili usluga ili ure\u0111aja, podataka ili sistema bilo koje tre\u0107e strane<\/li>\n \t<li>Koristite bilo koje automatizovano sredstvo za pristup, nadgledanje, prikupljanje ili izdvajanje podataka sa na\u0161e veb stranice ili usluga<\/li>\n \t<li>Ometati ili ometati dostupnost, performanse, bezbednost ili funkcionalnost na\u0161e veb stranice ili usluga<\/li>\n \t<li>Poku\u0161ati neovla\u0161\u0107eno pristupiti na\u0161oj veb stranici ili uslugama ili bilo kojim nalozima, sistemima ili mre\u017eama povezanim sa njima<\/li>\n \t<li>la\u017eno predstavljati bilo koju osobu ili entitet ili la\u017eno predstavljati svoju povezanost sa bilo kojom osobom ili entitetom<\/li>\n \t<li>Kr\u0161iti prava bilo koje tre\u0107e strane, uklju\u010duju\u0107i prava intelektualne svojine, prava privatnosti, ugovorna prava ili bilo koja druga prava<\/li>\n<\/ul>\nZadr\u017eavamo pravo da nadgledamo va\u0161e kori\u0161c\u0301enje na\u0161e veb stranice i usluga i da primenimo ove Uslove u bilo kom trenutku. Tako\u0111e zadr\u017eavamo pravo da izmenimo, suspendujemo ili prekinemo na\u0161u veb lokaciju i usluge u bilo kom trenutku, sa ili bez obave\u0161tenja, i bez odgovornosti prema vama.\n<h2 style=\"color: white;\">Prava intelektualne svojine<\/h2>\nPosedujemo sva prava, naslov i interes u vezi sa na\u0161om veb lokacijom i uslugama i svim njihovim sadr\u017eajima, karakteristikama i funkcionalnostima, uklju\u010dujuc\u0301i, ali ne ograni\u010davajuc\u0301i se na tekst, grafiku, slike, logotipe, \u017eigove, softver, podatke i kod (kolektivno, sadr\u017eaj\"). Sadr\u017eaj je za\u0161tic\u0301en zakonima o intelektualnoj svojini i me\u0111unarodnim ugovorima. Potvr\u0111ujete da ne sti\u010dete nikakva vlasni\u010dka prava nad Sadr\u017eajem kori\u0161c\u0301enjem na\u0161e veb stranice ili usluga. Ne smete da koristite, kopirate, prikazujete, distribuirate, menjate ili reprodukujete Sadr\u017eaj bez na\u0161e prethodne pismene saglasnosti.\n\nZadr\u017eavate sva prava na i na bilo koji sadr\u017eaj koji otpremite, objavite, po\u0161aljete ili nam na drugi na\u010din pru\u017eite preko na\u0161e veb stranice ili usluga (\u201eKorisni\u010dki sadr\u017eaj\u201c). Daju\u0107i nam Korisni\u010dki sadr\u017eaj, dajete nam ne-ekskluzivnu, svetsku, besplatnu, trajnu, neopozivu, podlicenciranu i prenosivu licencu za kori\u0161c\u0301enje, kopiranje, prikazivanje, distribuciju, modifikaciju i reprodukciju Korisni\u010dkog sadr\u017eaja u svrhu pru\u017eanje i pobolj\u0161anje na\u0161e veb stranice i usluga. Tako\u0111e nam dajete pravo da koristimo va\u0161e ime i lik u vezi sa korisni\u010dkim sadr\u017eajem. Izjavljujete i garantujete da imate pravo da nam pru\u017eite Korisni\u010dki sadr\u017eaj i da Korisni\u010dki sadr\u017eaj ne kr\u0161i prava trec\u0301e strane.\n\nMi ne podr\u017eavamo, ne verifikujemo niti preuzimamo bilo kakvu odgovornost za korisni\u010dki sadr\u017eaj. Zadr\u017eavamo pravo da u bilo kom trenutku iz bilo kog razloga uklonimo ili onemoguc\u0301imo pristup bilo kom korisni\u010dkom sadr\u017eaju, sa ili bez obave\u0161tenja. Tako\u0111e zadr\u017eavamo pravo da otkrijemo Korisni\u010dki sadr\u017eaj u skladu sa zakonom ili ako je neophodno da za\u0161titimo svoja prava ili prava drugih.\n<h2 style=\"color: white;\">Povratna informacija<\/h2>\nPozdravljamo i cenimo va\u0161e povratne informacije, sugestije i ideje o na\u0161oj veb lokaciji i uslugama (\u201ePovratne informacije\u201c). Dajuc\u0301i nam povratne informacije, saglasni ste da mo\u017eemo da koristimo i delimo povratne informacije u bilo koju svrhu bez ikakve nadoknade ili obaveze prema vama. Tako\u0111e se sla\u017eete da Povratne informacije nisu poverljive i da se odri\u010dete bilo kakvih moralnih prava ili zahteva za pripisivanje u Povratnim informacijama.\n<h2 style=\"color: white;\">Veze i usluge trec\u0301ih strana<\/h2>\nNa\u0161a veb lokacija i usluge mogu da sadr\u017ee veze ka veb lokacijama, aplikacijama ili uslugama trec\u0301ih strana ili da se integri\u0161u sa njima (\u201eUsluge trec\u0301ih strana\u201c). Nismo odgovorni za sadr\u017eaj, kvalitet, ta\u010dnost, pouzdanost, bezbednost ili funkcionalnost usluga trec\u0301ih strana. Ne podr\u017eavamo niti preuzimamo nikakvu odgovornost za Usluge trec\u0301ih lica. Va\u0161 pristup i kori\u0161c\u0301enje usluga trec\u0301ih lica je isklju\u010divo na va\u0161 sopstveni rizik i podlo\u017eni su odredbama i uslovima usluga trec\u0301ih lica. Trebalo bi da pregledate odredbe i uslove i politiku privatnosti usluga trec\u0301ih strana pre nego \u0161to ih koristite.\n<h2 style=\"color: white;\">Odricanje od garancija<\/h2>\nNa\u0161a veb lokacija i usluge se pru\u017eaju \u201ekao \u0161to jesu\u201c i \u201ekako su dostupne\u201c bez ikakvih garancija bilo koje vrste, bilo eksplicitnih ili impliciranih, uklju\u010dujuc\u0301i, ali ne ograni\u010davaju\u0107i se na garancije za prodaju, prikladnost za odre\u0111enu svrhu, nekr\u0161enje ili ta\u010dnost. Ne garantujemo da \u0107e na\u0161a Veb lokacija ili Usluge biti neprekidne, bez gre\u0161aka, bezbedne ili bez virusa ili drugih \u0161tetnih komponenti. Ne garantujemo da \u0107e rezultati dobijeni kori\u0161\u0107enjem na\u0161e veb stranice ili usluga biti ta\u010dni, pouzdani ili zadovoljavaju\u0107i. Potvr\u0111ujete i sla\u017eete se da koristite na\u0161u veb lokaciju ili usluge na sopstveni rizik i diskreciju.\n<h2 style=\"color: white;\">Ograni\u010denje odgovornosti<\/h2>\nU najve\u0107oj meri dozvoljenoj zakonom, mi i na\u0161i filijali, direktori, slu\u017ebenici, zaposleni, agenti, davaoci licenci i pru\u017eaoci usluga ne\u0107emo biti odgovorni za bilo kakvu direktnu, indirektnu, slu\u010dajnu, posledi\u010dnu, posebnu, primernu ili kaznenu \u0161tetu koja proisti\u010de iz ili u vezi sa va\u0161im kori\u0161c\u0301enjem ili nemogu\u0107no\u0161c\u0301u kori\u0161c\u0301enja na\u0161e veb stranice ili usluga ili bilo kog sadr\u017eaja, proizvoda ili usluga dostupnih preko na\u0161e veb stranice ili usluga, bilo na osnovu ugovora, delikta, nemara, stroge odgovornosti ili bilo koje druge pravne teorije, \u010dak i ako smo obave\u0161teni o moguc\u0301nosti takve \u0161tete. Neke jurisdikcije ne dozvoljavaju isklju\u010divanje ili ograni\u010davanje odre\u0111enih \u0161teta, tako da se neka ili sva gore navedena isklju\u010denja ili ograni\u010denja mo\u017eda ne odnose na vas. Ni u kom slu\u010daju na\u0161a ukupna odgovornost prema vama za sve \u0161tete, gubitke i uzroke tu\u017ebe nec\u0301e prema\u0161iti iznos koji ste platili za pristup ili kori\u0161c\u0301enje na\u0161oj veb stranici ili uslugama u 12 meseci koji prethode doga\u0111aju koji je doveo do tu\u017ebe.\n<h2 style=\"color: white;\">Obe\u0161te\u0107enje<\/h2>\nSaglasni ste da \u0107ete obe\u0161tetiti, braniti i dr\u017eati nas i na\u0161e filijale, direktore, slu\u017ebenike, zaposlene, agente, davaoce licenci i pru\u017eaoce usluga od i protiv svih potra\u017eivanja, obaveza, \u0161teta, gubitaka, tro\u0161kova, tro\u0161kova ili naknada (uklju\u010dujuc\u0301i razumne advokatske naknade) koje proizilaze iz ili u vezi sa va\u0161im kori\u0161c\u0301enjem ili pristupom na\u0161oj veb stranici ili uslugama ili va\u0161im kr\u0161enjem ovih Uslova ili bilo kog primenljivog zakona ili propisa. Zadr\u017eavamo pravo da preuzmemo isklju\u010divu odbranu i kontrolu nad bilo kojim pitanjem koje podle\u017ee obe\u0161tec\u0301enju sa va\u0161e strane i vi ste saglasni da sara\u0111ujete sa nama u takvoj odbrani. Saglasni ste da ne\u0107ete re\u0161avati nijednu stvar bez na\u0161eg prethodnog pismenog pristanka.\n<h2 style=\"color: white;\">Uprkos rezoluciji<\/h2>\nSvaki spor koji proizi\u0111e iz ovih Uslova ili se odnosi na njih ili va\u0161e kori\u0161c\u0301enje ili pristup na\u0161oj veb stranici ili uslugama bi\u0107e re\u0161en obavezuju\u0107om arbitra\u017eom kojom \u0107e upravljati Ameri\u010dko udru\u017eenje za arbitra\u017eu u skladu sa svojim Pravilima za komercijalnu arbitra\u017eu. Arbitra\u017eu \u0107e voditi jedan arbitar na engleskom jeziku i odr\u017ea\u0107e se u Beogradu, Srbija. Odluka arbitra \u0107e biti kona\u010dna i obavezuju\u0107a i mo\u017ee se sprovesti u bilo kom nadle\u017enom sudu. Saglasni ste da se odri\u010dete svakog prava na su\u0111enje poroti ili da u\u010destvujete u grupnoj tu\u017ebi ili arbitra\u017ei. Tako\u0111e se sla\u017eete da svaki zahtev ili razlog za tu\u017ebu koji proizilaze iz ovih Uslova ili se odnose na njih ili va\u0161e kori\u0161c\u0301enje ili pristup na\u0161oj veb stranici ili uslugama moraju biti podneti u roku od godinu dana nakon pojave tu\u017ebe ili razloga za tu\u017ebu ili \u0107e biti zauvek zabranjen.\n<h2 style=\"color: white;\">Nadle\u017eno pravo<\/h2>\nOvi Uslovi i va\u0161e kori\u0161\u0107enje na\u0161eg veb-sajta i usluga bi\u0107e regulisani i tuma\u010deni u skladu sa zakonima Srbije, bez obzira na sukobe zakona. Saglasni ste da \u0107ete se podvrgnuti li\u010dnoj nadle\u017enosti i mestu sudova koji se nalaze u Beogradu, Srbija za bilo koju pravnu radnju koja proisti\u010de iz ovih Uslova ili se odnosi na va\u0161e kori\u0161c\u0301enje na\u0161e veb stranice ili Usluga.\n<h2 style=\"color: white;\">Promene ovih Uslova<\/h2>\nMo\u017eemo da revidiramo i a\u017euriramo ove Uslove s vremena na vreme po sopstvenom naho\u0111enju. Obavesti\u0107emo vas o svim promenama objavljivanjem novih Uslova na na\u0161oj veb stranici ili slanjem e-po\u0161te. Promene \u0107e stupiti na snagu odmah po objavljivanju ili slanju. Va\u0161e dalje kori\u0161c\u0301enje na\u0161eg veb-sajta ili usluga nakon promena predstavlja prihvatanje novih Uslova. Trebalo bi da pregledate ove Uslove\t\t\t\t\t\t\t\t<\/div>\n\t\t\t\t<\/div>\n\t\t\t\t<\/div>\n\t\t\t\t\t<\/div>\n\t\t\t\t<\/div>\n\t\t\t\t<\/div>","protected":false},"excerpt":{"rendered":"<p>TERMS OF USE Terms of Use These terms of use (the \u201cTerms\u201d) govern your access and use of the website https:\/\/rizikko.com (the \u201cWebsite\u201d) and the products and services (the \u201cServices\u201d) offered by Rizikko.com (the \u201cCompany\u201d, \u201cwe\u201d, \u201cus\u201d, or \u201cour\u201d). By using our Website or Services, you agree to be bound by these Terms and our [&hellip;]<\/p>","protected":false},"author":1,"featured_media":0,"parent":0,"menu_order":0,"comment_status":"closed","ping_status":"closed","template":"elementor_header_footer","meta":{"_monsterinsights_skip_tracking":false,"_monsterinsights_sitenote_active":false,"_monsterinsights_sitenote_note":"","_monsterinsights_sitenote_category":0,"ocean_post_layout":"full-screen","ocean_both_sidebars_style":"","ocean_both_sidebars_content_width":0,"ocean_both_sidebars_sidebars_width":0,"ocean_sidebar":"0","ocean_second_sidebar":"0","ocean_disable_margins":"enable","ocean_add_body_class":"","ocean_shortcode_before_top_bar":"","ocean_shortcode_after_top_bar":"","ocean_shortcode_before_header":"","ocean_shortcode_after_header":"","ocean_has_shortcode":"","ocean_shortcode_after_title":"","ocean_shortcode_before_footer_widgets":"","ocean_shortcode_after_footer_widgets":"","ocean_shortcode_before_footer_bottom":"","ocean_shortcode_after_footer_bottom":"","ocean_display_top_bar":"off","ocean_display_header":"default","ocean_header_style":"","ocean_center_header_left_menu":"0","ocean_custom_header_template":"0","ocean_custom_logo":13,"ocean_custom_retina_logo":12,"ocean_custom_logo_max_width":0,"ocean_custom_logo_tablet_max_width":0,"ocean_custom_logo_mobile_max_width":0,"ocean_custom_logo_max_height":0,"ocean_custom_logo_tablet_max_height":0,"ocean_custom_logo_mobile_max_height":0,"ocean_header_custom_menu":"0","ocean_menu_typo_font_family":"0","ocean_menu_typo_font_subset":"","ocean_menu_typo_font_size":0,"ocean_menu_typo_font_size_tablet":0,"ocean_menu_typo_font_size_mobile":0,"ocean_menu_typo_font_size_unit":"px","ocean_menu_typo_font_weight":"","ocean_menu_typo_font_weight_tablet":"","ocean_menu_typo_font_weight_mobile":"","ocean_menu_typo_transform":"","ocean_menu_typo_transform_tablet":"","ocean_menu_typo_transform_mobile":"","ocean_menu_typo_line_height":0,"ocean_menu_typo_line_height_tablet":0,"ocean_menu_typo_line_height_mobile":0,"ocean_menu_typo_line_height_unit":"","ocean_menu_typo_spacing":0,"ocean_menu_typo_spacing_tablet":0,"ocean_menu_typo_spacing_mobile":0,"ocean_menu_typo_spacing_unit":"","ocean_menu_link_color":"","ocean_menu_link_color_hover":"","ocean_menu_link_color_active":"","ocean_menu_link_background":"","ocean_menu_link_hover_background":"","ocean_menu_link_active_background":"","ocean_menu_social_links_bg":"","ocean_menu_social_hover_links_bg":"","ocean_menu_social_links_color":"","ocean_menu_social_hover_links_color":"","ocean_disable_title":"on","ocean_disable_heading":"default","ocean_post_title":"","ocean_post_subheading":"","ocean_post_title_style":"","ocean_post_title_background_color":"","ocean_post_title_background":0,"ocean_post_title_bg_image_position":"","ocean_post_title_bg_image_attachment":"","ocean_post_title_bg_image_repeat":"","ocean_post_title_bg_image_size":"","ocean_post_title_height":0,"ocean_post_title_bg_overlay":0.5,"ocean_post_title_bg_overlay_color":"","ocean_disable_breadcrumbs":"off","ocean_breadcrumbs_color":"","ocean_breadcrumbs_separator_color":"","ocean_breadcrumbs_links_color":"","ocean_breadcrumbs_links_hover_color":"","ocean_display_footer_widgets":"default","ocean_display_footer_bottom":"default","ocean_custom_footer_template":"0","footnotes":""},"class_list":["post-285","page","type-page","status-publish","hentry","entry"],"aioseo_notices":[],"jetpack_sharing_enabled":true,"_links":{"self":[{"href":"https:\/\/www.rizikko.com\/sr\/wp-json\/wp\/v2\/pages\/285","targetHints":{"allow":["GET"]}}],"collection":[{"href":"https:\/\/www.rizikko.com\/sr\/wp-json\/wp\/v2\/pages"}],"about":[{"href":"https:\/\/www.rizikko.com\/sr\/wp-json\/wp\/v2\/types\/page"}],"author":[{"embeddable":true,"href":"https:\/\/www.rizikko.com\/sr\/wp-json\/wp\/v2\/users\/1"}],"replies":[{"embeddable":true,"href":"https:\/\/www.rizikko.com\/sr\/wp-json\/wp\/v2\/comments?post=285"}],"version-history":[{"count":3,"href":"https:\/\/www.rizikko.com\/sr\/wp-json\/wp\/v2\/pages\/285\/revisions"}],"predecessor-version":[{"id":288,"href":"https:\/\/www.rizikko.com\/sr\/wp-json\/wp\/v2\/pages\/285\/revisions\/288"}],"wp:attachment":[{"href":"https:\/\/www.rizikko.com\/sr\/wp-json\/wp\/v2\/media?parent=285"}],"curies":[{"name":"wp","href":"https:\/\/api.w.org\/{rel}","templated":true}]}}