{"id":280,"date":"2023-10-28T05:21:58","date_gmt":"2023-10-28T03:21:58","guid":{"rendered":"https:\/\/rizikko.com\/?page_id=280"},"modified":"2023-10-31T11:29:08","modified_gmt":"2023-10-31T09:29:08","slug":"privacy-policy","status":"publish","type":"page","link":"https:\/\/www.rizikko.com\/sr\/privacy-policy\/","title":{"rendered":"Politika privatnosti"},"content":{"rendered":"<div data-elementor-type=\"page\" data-elementor-id=\"280\" class=\"elementor elementor-280\">\n\t\t\t\t\t\t<section class=\"elementor-section elementor-top-section elementor-element elementor-element-7358d515 elementor-section-height-min-height elementor-section-boxed elementor-section-height-default elementor-section-items-middle\" data-id=\"7358d515\" data-element_type=\"section\" data-settings=\"{&quot;background_background&quot;:&quot;classic&quot;}\">\n\t\t\t\t\t\t\t<div class=\"elementor-background-overlay\"><\/div>\n\t\t\t\t\t\t\t<div class=\"elementor-container elementor-column-gap-default\">\n\t\t\t\t\t<div class=\"elementor-column elementor-col-100 elementor-top-column elementor-element elementor-element-246e32a8\" data-id=\"246e32a8\" data-element_type=\"column\">\n\t\t\t<div class=\"elementor-widget-wrap elementor-element-populated\">\n\t\t\t\t\t\t<div class=\"elementor-element elementor-element-126886d8 animated-slow elementor-invisible elementor-widget elementor-widget-heading\" data-id=\"126886d8\" data-element_type=\"widget\" data-settings=\"{&quot;_animation&quot;:&quot;fadeInUp&quot;}\" data-widget_type=\"heading.default\">\n\t\t\t\t<div class=\"elementor-widget-container\">\n\t\t\t\t\t<h2 class=\"elementor-heading-title elementor-size-default\">Politika privatnosti<\/h2>\t\t\t\t<\/div>\n\t\t\t\t<\/div>\n\t\t\t\t\t<\/div>\n\t\t<\/div>\n\t\t\t\t\t<\/div>\n\t\t<\/section>\n\t\t<div class=\"elementor-element elementor-element-68e3160 e-flex e-con-boxed e-con e-parent\" data-id=\"68e3160\" data-element_type=\"container\" data-settings=\"{&quot;background_background&quot;:&quot;classic&quot;}\">\n\t\t\t\t\t<div class=\"e-con-inner\">\n\t\t<div class=\"elementor-element elementor-element-d65f53b e-con-full e-flex e-con e-child\" data-id=\"d65f53b\" data-element_type=\"container\">\n\t\t\t\t<div class=\"elementor-element elementor-element-f3cea60 elementor-widget elementor-widget-text-editor\" data-id=\"f3cea60\" data-element_type=\"widget\" data-widget_type=\"text-editor.default\">\n\t\t\t\t<div class=\"elementor-widget-container\">\n\t\t\t\t\t\t\t\t\t<h1 style=\"color: white;\">Politika privatnosti<\/h1>\nOva politika privatnosti obja\u0161njava kako Rizikko.com (u daljem tekstu \"Veb sajt\") prikuplja, koristi i \u0161titi va\u0161e li\u010dne informacije kada posetite ili koristite na\u0161e usluge. Kori\u0161\u0107enjem na\u0161eg Veb sajta, sla\u017eete se sa odredbama ove politike.\n<h2 style=\"color: white;\">Kakve informacije prikupljamo?<\/h2>\nPrikupljamo dve vrste informacija od vas: li\u010dne informacije i informacije koje nisu li\u010dne prirode.\n<h3 style=\"color: white;\">Li\u010dne informacije<\/h3>\nLi\u010dne informacije su sve informacije koje se mogu koristiti za identifikaciju vas kao pojedinca, kao \u0161to su va\u0161e ime, adresa e-po\u0161te, broj telefona ili podaci o pla\u0107anju. Prikupljamo li\u010dne informacije od vas kada:\n<ul>\n \t<li>Registrujete nalog na na\u0161em Veb sajtu<\/li>\n \t<li>Vr\u0161ite kupovinu ili naru\u010divanje na na\u0161em Veb sajtu<\/li>\n \t<li>Prijavite se za na\u0161u novinsku ili druge marketin\u0161ke komunikacije<\/li>\n \t<li>Kontaktirate nas putem e-po\u0161te, telefona ili drugih sredstava<\/li>\n \t<li>U\u010destvujete u anketama, takmi\u010denjima ili promocijama na na\u0161em Veb sajtu<\/li>\n \t<li>Pru\u017eate povratne informacije ili recenzije o na\u0161im proizvodima ili uslugama<\/li>\n<\/ul>\nNe prikupljamo osetljive li\u010dne informacije od vas, kao \u0161to su va\u0161a rasa, etni\u010dka pripadnost, religija, zdravlje ili biometrijski podaci.\n<h3 style=\"color: white;\">Informacije koje nisu li\u010dne prirode<\/h3>\nInformacije koje nisu li\u010dne prirode su sve informacije koje se ne mogu koristiti za identifikaciju vas kao pojedinca, kao \u0161to su va\u0161a IP adresa, vrsta pregleda\u010da, vrsta ure\u0111aja, operativni sistem, izvor preporuke, pose\u0107ene stranice, vreme provedeno na sajtu i drugi statisti\u010dki podaci. Prikupljamo informacije koje nisu li\u010dne prirode od vas kada pose\u0107ujete ili koristite na\u0161 Veb sajt, koriste\u0107i kola\u010di\u0107e i sli\u010dne tehnologije. Kola\u010di\u0107i su mali fajlovi koji se \u010duvaju na va\u0161em ure\u0111aju i omogu\u0107avaju nam da vas prepoznamo i zapamtimo va\u0161e postavke. Mo\u017eete onemogu\u0107iti kola\u010di\u0107e u postavkama va\u0161eg pregleda\u010da, ali to mo\u017ee uticati na funkcionalnost na\u0161eg Veb sajta.\n<h2 style=\"color: white;\">Kako koristimo va\u0161e informacije?<\/h2>\nKoristimo va\u0161e li\u010dne informacije u slede\u0107e svrhe:\n<ul>\n \t<li>Da vam pru\u017eimo proizvode ili usluge koje tra\u017eite od nas<\/li>\n \t<li>Da obradimo va\u0161e pla\u0107anje i ispunimo va\u0161e narud\u017ebine<\/li>\n \t<li>Da komuniciramo s vama u vezi va\u0161eg naloga, narud\u017ebina ili upita<\/li>\n \t<li>Da vam \u0161aljemo novinske bilten ili druge marketin\u0161ke komunikacije na koje ste se prijavili<\/li>\n \t<li>Da unapredimo na\u0161 Veb sajt, proizvode ili usluge na osnovu va\u0161ih povratnih informacija ili recenzija<\/li>\n \t<li>Da sprovodimo ankete, takmi\u010denja ili promocije u kojima u\u010destvujete<\/li>\n \t<li>Da za\u0161titimo na\u0161 Veb sajt, korisnike ili prava od prevare, zloupotrebe ili nezakonitih aktivnosti<\/li>\n \t<li>Da se pridr\u017eavamo svih zakonskih obaveza ili zahteva od nadle\u017enih organa<\/li>\n<\/ul>\nVa\u0161e informacije koje nisu li\u010dne prirode koristimo u slede\u0107e svrhe:\n<ul>\n \t<li>Da analiziramo kako se koristi na\u0161 Veb sajt i kako funkcioni\u0161e<\/li>\n \t<li>Da prilagodimo sadr\u017eaj i izgled na\u0161eg Veb sajta prema va\u0161im preferencijama<\/li>\n \t<li>Da pobolj\u0161amo sigurnost i funkcionalnost na\u0161eg Veb sajta<\/li>\n \t<li>Da izmerimo efikasnost na\u0161ih marketin\u0161kih kampanja<\/li>\n<\/ul>\n<h2 style=\"color: white;\">Kako delimo va\u0161e informacije?<\/h2>\nNe prodajemo, ne iznajmljujemo i ne trgujemo va\u0161im li\u010dnim informacijama sa tre\u0107im stranama u marketin\u0161ke svrhe. Mo\u017eemo deliti va\u0161e li\u010dne informacije sa slede\u0107im stranama u svrhe opisane gore:\n<ul>\n \t<li>Na\u0161i pru\u017eaoci usluga koji nam poma\u017eu u radu na\u0161eg Veb sajta, obradi pla\u0107anja, isporuci narud\u017ebina, slanju e-po\u0161te ili obavljanju drugih funkcija u na\u0161e ime. Delimo samo informacije koje su im potrebne da obave svoje usluge i tra\u017eimo od njih da \u0161tite va\u0161e informacije u skladu sa ovom politikom.<\/li>\n \t<li>Na\u0161i poslovni partneri koji nude proizvode ili usluge koji bi vas mogli zanimati. Delimo va\u0161e informacije samo ako pristanete da primate njihove komunikacije i tra\u017eimo od njih da po\u0161tuju va\u0161e privatne izbore.<\/li>\n \t<li>Na\u0161e filijale koje su deo na\u0161e korporativne grupe i koje vam mogu ponuditi sli\u010dne proizvode ili usluge. Delimo va\u0161e informacije samo ako pristanete da primate njihove komunikacije i tra\u017eimo od njih da prate ovu politiku.<\/li>\n \t<li>Druge strane koje su uklju\u010dene u spajanje, akviziciju, prodaju, reorganizaciju ili likvidaciju na\u0161eg poslovanja ili imovine. Obavesti\u0107emo vas pre nego \u0161to prenesemo va\u0161e informacije njima i osigura\u0107emo da se pridr\u017eavaju ove politike.<\/li>\n \t<li>Druge strane koje su zakonom ili sudskim nalogom obavezane da otkriju va\u0161e informacije ili koje smatramo neophodnim da za\u0161titimo na\u0161 Veb sajt, korisnike ili prava od \u0161tete ili nezakonitih aktivnosti.<\/li>\n<\/ul>\nVa\u0161e informacije koje nisu li\u010dne prirode mo\u017eemo deliti sa bilo kojim stranama u bilo koje svrhe.\n<h2 style=\"color:white;\">Kako \u0161titimo va\u0161e informacije?<\/h2>\nPreduzimamo razumne mere za\u0161tite va\u0161ih li\u010dnih informacija od neovla\u0161\u0107enog pristupa, kori\u0161\u0107enja, izmene ili otkrivanja. Koristimo sigurne servere, tehnologije enkripcije, za\u0161titne zidove i druge mere kako bismo \u010duvali i prenosili va\u0161e informacije. Me\u0111utim, nijedan na\u010din prenosa preko interneta ili elektronskog skladi\u0161tenja nije 100% siguran. Stoga ne mo\u017eemo garantovati apsolutnu sigurnost va\u0161ih informacija i nismo odgovorni za bilo koji prekr\u0161aj sigurnosti od strane tre\u0107ih strana.\n<h2 style=\"color: white;\">Koliko dugo \u010duvamo va\u0161e informacije?<\/h2>\n\u010cuvamo va\u0161e li\u010dne informacije onoliko dugo koliko je potrebno za svrhe opisane gore ili koliko zakon zahteva. Va\u0161e li\u010dne informacije \u0107emo izbrisati ili anonimizirati kada vi\u0161e nisu potrebne ili na va\u0161 zahtev.\n<h2 style=\"color: white;\">Koja su va\u0161a prava i izbori?<\/h2>\nImate slede\u0107a prava i izbore u vezi sa va\u0161im li\u010dnim informacijama:\n<ul>\n \t<li>Mo\u017eete pristupiti, a\u017eurirati, ispraviti ili izbrisati svoje li\u010dne informacije tako \u0161to \u0107ete se prijaviti na svoj nalog na na\u0161em Veb sajtu ili nas kontaktirati na djrizikko@gmail.com<\/li>\n \t<li>Mo\u017eete se odjaviti od primanja novinske biltena ili drugih marketin\u0161kih komunikacija od nas ili na\u0161ih poslovnih partnera tako \u0161to \u0107ete pratiti link za odjavu u e-po\u0161ti ili nas kontaktirati na djrizikko@gmail.com<\/li>\n \t<li>Mo\u017eete promeniti postavke kola\u010di\u0107a u svom pregleda\u010du kako biste ograni\u010dili ili onemogu\u0107ili prikupljanje informacija koje nisu li\u010dne prirode od nas ili tre\u0107ih strana<\/li>\n \t<li>Mo\u017eete nas kontaktirati na djrizikko@gmail.com ako imate pitanja, pritu\u017ebe ili zahteve u vezi sa ovom politikom ili va\u0161im informacijama<\/li>\n<\/ul>\n<h2 style=\"color: white;\">Kako a\u017euriramo ovu politiku?<\/h2>\nMo\u017eemo povremeno a\u017eurirati ovu politiku da bismo odra\u017eavali promene u na\u0161im praksama, tehnologijama ili zakonskim zahtevima. Obavesti\u0107emo vas o svim bitnim promenama postavljanjem obave\u0161tenja na na\u0161em Veb sajtu ili slanjem e-po\u0161te. Va\u0161e nastavljeno kori\u0161\u0107enje na\u0161eg Veb sajta nakon datuma stupanja na snagu a\u017eurirane politike predstavlja va\u0161e prihvatanje promena.\n<h2 style=\"color: white;\">Kako da nas kontaktirate?<\/h2>\nAko imate bilo kakvih pitanja ili povratnih informacija u vezi sa ovom politikom ili na\u0161im praksama privatnosti, kontaktirajte nas na: Rizikko.com djrizikko@gmail.com\t\t\t\t\t\t\t\t<\/div>\n\t\t\t\t<\/div>\n\t\t\t\t<\/div>\n\t\t\t\t\t<\/div>\n\t\t\t\t<\/div>\n\t\t\t\t<\/div>","protected":false},"excerpt":{"rendered":"<p>PRIVACY POLICY Privacy Policy This privacy policy explains how Rizikko.com (the \u201cWebsite\u201d) collects, uses, and protects your personal information when you visit or use our services. By using our Website, you agree to the terms of this policy. What information do we collect? We collect two types of information from you: personal information and non-personal [&hellip;]<\/p>","protected":false},"author":1,"featured_media":0,"parent":0,"menu_order":0,"comment_status":"closed","ping_status":"closed","template":"elementor_header_footer","meta":{"_monsterinsights_skip_tracking":false,"_monsterinsights_sitenote_active":false,"_monsterinsights_sitenote_note":"","_monsterinsights_sitenote_category":0,"ocean_post_layout":"full-screen","ocean_both_sidebars_style":"","ocean_both_sidebars_content_width":0,"ocean_both_sidebars_sidebars_width":0,"ocean_sidebar":"0","ocean_second_sidebar":"0","ocean_disable_margins":"enable","ocean_add_body_class":"","ocean_shortcode_before_top_bar":"","ocean_shortcode_after_top_bar":"","ocean_shortcode_before_header":"","ocean_shortcode_after_header":"","ocean_has_shortcode":"","ocean_shortcode_after_title":"","ocean_shortcode_before_footer_widgets":"","ocean_shortcode_after_footer_widgets":"","ocean_shortcode_before_footer_bottom":"","ocean_shortcode_after_footer_bottom":"","ocean_display_top_bar":"off","ocean_display_header":"default","ocean_header_style":"","ocean_center_header_left_menu":"0","ocean_custom_header_template":"0","ocean_custom_logo":13,"ocean_custom_retina_logo":12,"ocean_custom_logo_max_width":0,"ocean_custom_logo_tablet_max_width":0,"ocean_custom_logo_mobile_max_width":0,"ocean_custom_logo_max_height":0,"ocean_custom_logo_tablet_max_height":0,"ocean_custom_logo_mobile_max_height":0,"ocean_header_custom_menu":"0","ocean_menu_typo_font_family":"0","ocean_menu_typo_font_subset":"","ocean_menu_typo_font_size":0,"ocean_menu_typo_font_size_tablet":0,"ocean_menu_typo_font_size_mobile":0,"ocean_menu_typo_font_size_unit":"px","ocean_menu_typo_font_weight":"","ocean_menu_typo_font_weight_tablet":"","ocean_menu_typo_font_weight_mobile":"","ocean_menu_typo_transform":"","ocean_menu_typo_transform_tablet":"","ocean_menu_typo_transform_mobile":"","ocean_menu_typo_line_height":0,"ocean_menu_typo_line_height_tablet":0,"ocean_menu_typo_line_height_mobile":0,"ocean_menu_typo_line_height_unit":"","ocean_menu_typo_spacing":0,"ocean_menu_typo_spacing_tablet":0,"ocean_menu_typo_spacing_mobile":0,"ocean_menu_typo_spacing_unit":"","ocean_menu_link_color":"","ocean_menu_link_color_hover":"","ocean_menu_link_color_active":"","ocean_menu_link_background":"","ocean_menu_link_hover_background":"","ocean_menu_link_active_background":"","ocean_menu_social_links_bg":"","ocean_menu_social_hover_links_bg":"","ocean_menu_social_links_color":"","ocean_menu_social_hover_links_color":"","ocean_disable_title":"on","ocean_disable_heading":"default","ocean_post_title":"","ocean_post_subheading":"","ocean_post_title_style":"","ocean_post_title_background_color":"","ocean_post_title_background":0,"ocean_post_title_bg_image_position":"","ocean_post_title_bg_image_attachment":"","ocean_post_title_bg_image_repeat":"","ocean_post_title_bg_image_size":"","ocean_post_title_height":0,"ocean_post_title_bg_overlay":0.5,"ocean_post_title_bg_overlay_color":"","ocean_disable_breadcrumbs":"off","ocean_breadcrumbs_color":"","ocean_breadcrumbs_separator_color":"","ocean_breadcrumbs_links_color":"","ocean_breadcrumbs_links_hover_color":"","ocean_display_footer_widgets":"default","ocean_display_footer_bottom":"default","ocean_custom_footer_template":"0","footnotes":""},"class_list":["post-280","page","type-page","status-publish","hentry","entry"],"aioseo_notices":[],"jetpack_sharing_enabled":true,"_links":{"self":[{"href":"https:\/\/www.rizikko.com\/sr\/wp-json\/wp\/v2\/pages\/280","targetHints":{"allow":["GET"]}}],"collection":[{"href":"https:\/\/www.rizikko.com\/sr\/wp-json\/wp\/v2\/pages"}],"about":[{"href":"https:\/\/www.rizikko.com\/sr\/wp-json\/wp\/v2\/types\/page"}],"author":[{"embeddable":true,"href":"https:\/\/www.rizikko.com\/sr\/wp-json\/wp\/v2\/users\/1"}],"replies":[{"embeddable":true,"href":"https:\/\/www.rizikko.com\/sr\/wp-json\/wp\/v2\/comments?post=280"}],"version-history":[{"count":6,"href":"https:\/\/www.rizikko.com\/sr\/wp-json\/wp\/v2\/pages\/280\/revisions"}],"predecessor-version":[{"id":389,"href":"https:\/\/www.rizikko.com\/sr\/wp-json\/wp\/v2\/pages\/280\/revisions\/389"}],"wp:attachment":[{"href":"https:\/\/www.rizikko.com\/sr\/wp-json\/wp\/v2\/media?parent=280"}],"curies":[{"name":"wp","href":"https:\/\/api.w.org\/{rel}","templated":true}]}}